{"id":8350,"date":"2023-12-22T10:16:51","date_gmt":"2023-12-22T10:16:51","guid":{"rendered":"https:\/\/bredefleur.nl\/?page_id=8350"},"modified":"2023-12-22T10:59:56","modified_gmt":"2023-12-22T10:59:56","slug":"bonnes-fetes-de-fin-dannee","status":"publish","type":"page","link":"https:\/\/bredefleur.nl\/fr\/bonnes-fetes-de-fin-dannee\/","title":{"rendered":"Joyeuses f\u00eates"},"content":{"rendered":"<section class=\"text-with-video text-with-video--primary\" >\n        <div class=\"text-with-video__container\">\n\n                            <div class=\"text-with-video__video-container\">\n                                                                <iframe class=\"text-with-video__video-frame\" src=\"\" data-url=\"https:\/\/youtube.com\/embed\/g9F7ULwtLX0?si=1QwiA64W-8VBOyVb?autoplay=1?autoplay=1\" frameborder=\"0\" allow=\"fullscreen\" allowfullscreen><\/iframe>\n                                        <div class=\"text-with-video__video-poster-container\">\n                        \n\t\t\t\t<img\n\t\t\t\t\tclass=\"text-with-video__video-poster\"\n\t\t\t\t\talt=\"Capture d&#039;\u00e9cran 2023-12-20 142627\"\n\t\t\t\t\tsrc=\"https:\/\/bredefleur.nl\/wp-content\/uploads\/2023\/12\/Schermafbeelding-2023-12-20-142627.png\"\n\t\t\t\t\tsrcset=\"\t\t\t\t\t\thttps:\/\/bredefleur.nl\/wp-content\/uploads\/2023\/12\/Schermafbeelding-2023-12-20-142627-320x320.png 320w,\t\t\t\t\t\thttps:\/\/bredefleur.nl\/wp-content\/uploads\/2023\/12\/Schermafbeelding-2023-12-20-142627-640x640.png 640w,\t\t\t\t\t\thttps:\/\/bredefleur.nl\/wp-content\/uploads\/2023\/12\/Schermafbeelding-2023-12-20-142627-960x793.png 960w,\t\t\t\t\t\t\t\t\t\t\t\t\t\t\t\t\t\"\n\t\t\t\t>\n\n\t\t\t                        <div class=\"text-with-video__video-poster-play\"><\/div>\n                    <\/div>\n                    <div class=\"text-with-video__video-close\">\n                        <span><\/span>\n                        <span><\/span>\n                    <\/div>\n                <\/div>\n            \n            <div class=\"text-with-video__content-container text-with-video__content-container--left wrapper\">\n                <h2 class=\"text-with-video__title mb-m\">\n                    Joyeux No\u00ebl et bonne ann\u00e9e !                <\/h2>\n                <div class=\"text-with-video__text mb-m\">\n                    <p>\u00c0 l'approche des f\u00eates, nous nous rem\u00e9morons une excellente ann\u00e9e 2023 ! Une ann\u00e9e au cours de laquelle nous avons travaill\u00e9 ensemble pour une croissance durable. Une croissance pour nos lys, avec une responsabilit\u00e9 pour les personnes et la nature. Ensemble, nous partageons une m\u00eame passion : nos magnifiques lys. Nous ch\u00e9rissons \u00e9galement les liens durables que nous avons tiss\u00e9s les uns avec les autres. Ensemble, nous faisons la diff\u00e9rence. C'est pourquoi nous vous souhaitons de joyeuses f\u00eates et une ann\u00e9e 2024 florissante !<\/p>\n<p>Regardez la vid\u00e9o en cliquant sur le bouton \"play\" !<\/p>\n                <\/div>\n\n                            <\/div>\n\n        <\/div>\n    <\/section>","protected":false},"excerpt":{"rendered":"","protected":false},"author":1,"featured_media":0,"parent":0,"menu_order":0,"comment_status":"closed","ping_status":"closed","template":"","meta":{"_acf_changed":false,"footnotes":""},"class_list":["post-8350","page","type-page","status-publish","hentry"],"acf":[],"yoast_head":"<!-- This site is optimized with the Yoast SEO plugin v26.6 - https:\/\/yoast.com\/wordpress\/plugins\/seo\/ -->\n<title>Fijne feestdagen - Bredefleur<\/title>\n<meta name=\"robots\" content=\"index, follow, max-snippet:-1, max-image-preview:large, max-video-preview:-1\" \/>\n<link rel=\"canonical\" href=\"https:\/\/bredefleur.nl\/fr\/bonnes-fetes-de-fin-dannee\/\" \/>\n<meta property=\"og:locale\" content=\"fr_FR\" \/>\n<meta property=\"og:type\" content=\"article\" \/>\n<meta property=\"og:title\" content=\"Fijne feestdagen - Bredefleur\" \/>\n<meta property=\"og:url\" content=\"https:\/\/bredefleur.nl\/fr\/bonnes-fetes-de-fin-dannee\/\" \/>\n<meta property=\"og:site_name\" content=\"Bredefleur\" \/>\n<meta property=\"article:modified_time\" content=\"2023-12-22T10:59:56+00:00\" \/>\n<meta name=\"twitter:card\" content=\"summary_large_image\" \/>\n<script type=\"application\/ld+json\" class=\"yoast-schema-graph\">{\"@context\":\"https:\/\/schema.org\",\"@graph\":[{\"@type\":\"WebPage\",\"@id\":\"https:\/\/bredefleur.nl\/fijne-feestdagen\/\",\"url\":\"https:\/\/bredefleur.nl\/fijne-feestdagen\/\",\"name\":\"Fijne feestdagen - Bredefleur\",\"isPartOf\":{\"@id\":\"https:\/\/bredefleur.nl\/#website\"},\"datePublished\":\"2023-12-22T10:16:51+00:00\",\"dateModified\":\"2023-12-22T10:59:56+00:00\",\"breadcrumb\":{\"@id\":\"https:\/\/bredefleur.nl\/fijne-feestdagen\/#breadcrumb\"},\"inLanguage\":\"fr-FR\",\"potentialAction\":[{\"@type\":\"ReadAction\",\"target\":[\"https:\/\/bredefleur.nl\/fijne-feestdagen\/\"]}]},{\"@type\":\"BreadcrumbList\",\"@id\":\"https:\/\/bredefleur.nl\/fijne-feestdagen\/#breadcrumb\",\"itemListElement\":[{\"@type\":\"ListItem\",\"position\":1,\"name\":\"Home\",\"item\":\"https:\/\/bredefleur.nl\/\"},{\"@type\":\"ListItem\",\"position\":2,\"name\":\"Fijne feestdagen\"}]},{\"@type\":\"WebSite\",\"@id\":\"https:\/\/bredefleur.nl\/#website\",\"url\":\"https:\/\/bredefleur.nl\/\",\"name\":\"Bredefleur\",\"description\":\"Lilies by the original\",\"publisher\":{\"@id\":\"https:\/\/bredefleur.nl\/#organization\"},\"potentialAction\":[{\"@type\":\"SearchAction\",\"target\":{\"@type\":\"EntryPoint\",\"urlTemplate\":\"https:\/\/bredefleur.nl\/?s={search_term_string}\"},\"query-input\":{\"@type\":\"PropertyValueSpecification\",\"valueRequired\":true,\"valueName\":\"search_term_string\"}}],\"inLanguage\":\"fr-FR\"},{\"@type\":\"Organization\",\"@id\":\"https:\/\/bredefleur.nl\/#organization\",\"name\":\"Bredefleur\",\"url\":\"https:\/\/bredefleur.nl\/\",\"logo\":{\"@type\":\"ImageObject\",\"inLanguage\":\"fr-FR\",\"@id\":\"https:\/\/bredefleur.nl\/#\/schema\/logo\/image\/\",\"url\":\"https:\/\/bredefleur.nl\/wp-content\/uploads\/2022\/02\/BF-logo-goud-wit-JPG-scaled.jpg\",\"contentUrl\":\"https:\/\/bredefleur.nl\/wp-content\/uploads\/2022\/02\/BF-logo-goud-wit-JPG-scaled.jpg\",\"width\":2560,\"height\":988,\"caption\":\"Bredefleur\"},\"image\":{\"@id\":\"https:\/\/bredefleur.nl\/#\/schema\/logo\/image\/\"}}]}<\/script>\n<!-- \/ Yoast SEO plugin. -->","yoast_head_json":{"title":"Joyeuses f\u00eates - Bredefleur","robots":{"index":"index","follow":"follow","max-snippet":"max-snippet:-1","max-image-preview":"max-image-preview:large","max-video-preview":"max-video-preview:-1"},"canonical":"https:\/\/bredefleur.nl\/fr\/bonnes-fetes-de-fin-dannee\/","og_locale":"fr_FR","og_type":"article","og_title":"Fijne feestdagen - Bredefleur","og_url":"https:\/\/bredefleur.nl\/fr\/bonnes-fetes-de-fin-dannee\/","og_site_name":"Bredefleur","article_modified_time":"2023-12-22T10:59:56+00:00","twitter_card":"summary_large_image","schema":{"@context":"https:\/\/schema.org","@graph":[{"@type":"WebPage","@id":"https:\/\/bredefleur.nl\/fijne-feestdagen\/","url":"https:\/\/bredefleur.nl\/fijne-feestdagen\/","name":"Joyeuses f\u00eates - Bredefleur","isPartOf":{"@id":"https:\/\/bredefleur.nl\/#website"},"datePublished":"2023-12-22T10:16:51+00:00","dateModified":"2023-12-22T10:59:56+00:00","breadcrumb":{"@id":"https:\/\/bredefleur.nl\/fijne-feestdagen\/#breadcrumb"},"inLanguage":"fr-FR","potentialAction":[{"@type":"ReadAction","target":["https:\/\/bredefleur.nl\/fijne-feestdagen\/"]}]},{"@type":"BreadcrumbList","@id":"https:\/\/bredefleur.nl\/fijne-feestdagen\/#breadcrumb","itemListElement":[{"@type":"ListItem","position":1,"name":"Home","item":"https:\/\/bredefleur.nl\/"},{"@type":"ListItem","position":2,"name":"Fijne feestdagen"}]},{"@type":"WebSite","@id":"https:\/\/bredefleur.nl\/#website","url":"https:\/\/bredefleur.nl\/","name":"Bredefleur","description":"Lys par l'original","publisher":{"@id":"https:\/\/bredefleur.nl\/#organization"},"potentialAction":[{"@type":"SearchAction","target":{"@type":"EntryPoint","urlTemplate":"https:\/\/bredefleur.nl\/?s={search_term_string}"},"query-input":{"@type":"PropertyValueSpecification","valueRequired":true,"valueName":"search_term_string"}}],"inLanguage":"fr-FR"},{"@type":"Organization","@id":"https:\/\/bredefleur.nl\/#organization","name":"Bredefleur","url":"https:\/\/bredefleur.nl\/","logo":{"@type":"ImageObject","inLanguage":"fr-FR","@id":"https:\/\/bredefleur.nl\/#\/schema\/logo\/image\/","url":"https:\/\/bredefleur.nl\/wp-content\/uploads\/2022\/02\/BF-logo-goud-wit-JPG-scaled.jpg","contentUrl":"https:\/\/bredefleur.nl\/wp-content\/uploads\/2022\/02\/BF-logo-goud-wit-JPG-scaled.jpg","width":2560,"height":988,"caption":"Bredefleur"},"image":{"@id":"https:\/\/bredefleur.nl\/#\/schema\/logo\/image\/"}}]}},"_links":{"self":[{"href":"https:\/\/bredefleur.nl\/fr\/wp-json\/wp\/v2\/pages\/8350","targetHints":{"allow":["GET"]}}],"collection":[{"href":"https:\/\/bredefleur.nl\/fr\/wp-json\/wp\/v2\/pages"}],"about":[{"href":"https:\/\/bredefleur.nl\/fr\/wp-json\/wp\/v2\/types\/page"}],"author":[{"embeddable":true,"href":"https:\/\/bredefleur.nl\/fr\/wp-json\/wp\/v2\/users\/1"}],"replies":[{"embeddable":true,"href":"https:\/\/bredefleur.nl\/fr\/wp-json\/wp\/v2\/comments?post=8350"}],"version-history":[{"count":11,"href":"https:\/\/bredefleur.nl\/fr\/wp-json\/wp\/v2\/pages\/8350\/revisions"}],"predecessor-version":[{"id":8366,"href":"https:\/\/bredefleur.nl\/fr\/wp-json\/wp\/v2\/pages\/8350\/revisions\/8366"}],"wp:attachment":[{"href":"https:\/\/bredefleur.nl\/fr\/wp-json\/wp\/v2\/media?parent=8350"}],"curies":[{"name":"wp","href":"https:\/\/api.w.org\/{rel}","templated":true}]}}