{"id":4484,"date":"2022-07-18T06:33:40","date_gmt":"2022-07-18T06:33:40","guid":{"rendered":"https:\/\/bredefleur.nl\/?page_id=4484"},"modified":"2025-06-19T12:55:37","modified_gmt":"2025-06-19T12:55:37","slug":"lys-frais-du-producteur","status":"publish","type":"page","link":"https:\/\/bredefleur.nl\/fr\/lys-frais-du-producteur\/","title":{"rendered":"Lys frais du producteur"},"content":{"rendered":"<section class=\"hero-entry\" >\n        <div class=\"hero-entry__container\">\n            <div class=\"hero-entry__background-container\">\n                \n\t\t\t\t<img\n\t\t\t\t\tclass=\"hero-entry__background-image\"\n\t\t\t\t\talt=\"IAP Albufeira Dalian Bredefleur Mar 2023 -402\"\n\t\t\t\t\tsrc=\"https:\/\/bredefleur.nl\/wp-content\/uploads\/2023\/04\/IAP-Albufeira-Dalian-Bredefleur-mrt-2023-402.jpg\"\n\t\t\t\t\tsrcset=\"\t\t\t\t\t\thttps:\/\/bredefleur.nl\/wp-content\/uploads\/2023\/04\/IAP-Albufeira-Dalian-Bredefleur-mrt-2023-402-320x180.jpg 320w,\t\t\t\t\t\thttps:\/\/bredefleur.nl\/wp-content\/uploads\/2023\/04\/IAP-Albufeira-Dalian-Bredefleur-mrt-2023-402-640x360.jpg 640w,\t\t\t\t\t\thttps:\/\/bredefleur.nl\/wp-content\/uploads\/2023\/04\/IAP-Albufeira-Dalian-Bredefleur-mrt-2023-402-960x540.jpg 960w,\t\t\t\t\t\thttps:\/\/bredefleur.nl\/wp-content\/uploads\/2023\/04\/IAP-Albufeira-Dalian-Bredefleur-mrt-2023-402-1280x720.jpg 1280w,\t\t\t\t\t\thttps:\/\/bredefleur.nl\/wp-content\/uploads\/2023\/04\/IAP-Albufeira-Dalian-Bredefleur-mrt-2023-402-1920x1080.jpg 1920w\t\t\t\t\t\"\n\t\t\t\t>\n\n\t\t\t            <\/div>\n            <div class=\"hero-entry__content\">\n                <h1 class=\"hero-entry__title\">\n                    Lys frais du producteur                <\/h1>\n                            <\/div>\n\n        <\/div>\n    <\/section>\n\n\t\n\n\n    <section class=\"team team--light-grey\" >\n        <div class=\"wrapper\">\n            <div class=\"team__container\">\n\n                <div class=\"team__content\">\n                    <h2 class=\"team__title\">\n                                            <\/h2>\n\n                    <div class=\"team__text\">\n                                            <\/div>\n                <\/div>\n\n                                    <div class=\"team__members-container team__members-container--2\">\n                                                                                <div class=\"team__member\">\n                                <div class=\"team__member-image-container\">\n                                    \n\t\t\t\t<img\n\t\t\t\t\tclass=\"team__member-image js-image-filter\"\n\t\t\t\t\talt=\"Magasin de fleurs Bredefleur (1)\"\n\t\t\t\t\tsrc=\"https:\/\/bredefleur.nl\/wp-content\/uploads\/2025\/06\/Bloemenshop-Bredefleur-1.png\"\n\t\t\t\t\tsrcset=\"\t\t\t\t\t\thttps:\/\/bredefleur.nl\/wp-content\/uploads\/2025\/06\/Bloemenshop-Bredefleur-1.png 320w,\t\t\t\t\t\thttps:\/\/bredefleur.nl\/wp-content\/uploads\/2025\/06\/Bloemenshop-Bredefleur-1.png 640w,\t\t\t\t\t\thttps:\/\/bredefleur.nl\/wp-content\/uploads\/2025\/06\/Bloemenshop-Bredefleur-1.png 960w,\t\t\t\t\t\t\t\t\t\t\t\t\t\t\t\t\t\"\n\t\t\t\t>\n\n\t\t\t                                <\/div>\n                                <h3 class=\"team__member-name\">\n                                    Moerkapelle                                <\/h3>\n                                <div class=\"team__member-text\">\n                                    <p>Bredeweg 40<br \/>\n2752 AA<br \/>\nMoerkapelle<\/p>\n                                <\/div>\n                                                                    <span class=\"team__member-opening-times team__member-link\" style=\"margin-bottom: 2rem; text-decoration: none !important;\">\n                                        <svg fill=\"currentColor\" class=\"team__member-link-icon\" xmlns=\"http:\/\/www.w3.org\/2000\/svg\" viewbox=\"0 0 512 512\"><path d=\"M464 256A208 208 0 1 1 48 256a208 208 0 1 1 416 0zM0 256a256 256 0 1 0 512 0A256 256 0 1 0 0 256zM232 120V256v12.8l10.7 7.1 96 64 20 13.3 26.6-39.9-20-13.3L280 243.2V120 96H232v24z\"\/><\/svg>\n                                        Libre-service : 24\/6 (ferm\u00e9 le dimanche)                                    <\/span>\n                                                                                                                                    <a class=\"team__member-link team__member-link--email\" href=\"mailto:info@bredefleur.nl\">\n                                        <svg fill=\"currentColor\" viewbox=\"0 0 24 24\" class=\"team__member-link-icon\">\n                                            <use xlink:href=\"https:\/\/bredefleur.nl\/wp-content\/themes\/deboprojects\/img\/email.svg#email\"><\/use>\n                                        <\/svg>\n                                        info@bredefleur.nl                                    <\/a>\n                                \n                            <\/div>\n                                                                                <div class=\"team__member\">\n                                <div class=\"team__member-image-container\">\n                                    \n\t\t\t\t<img\n\t\t\t\t\tclass=\"team__member-image js-image-filter\"\n\t\t\t\t\talt=\"Magasin de fleurs 2 go (3)\"\n\t\t\t\t\tsrc=\"https:\/\/bredefleur.nl\/wp-content\/uploads\/2023\/02\/Bloemenshop-2-go-3-e1682431272491.png\"\n\t\t\t\t\tsrcset=\"\t\t\t\t\t\thttps:\/\/bredefleur.nl\/wp-content\/uploads\/2023\/02\/Bloemenshop-2-go-3-e1682431272491-320x201.png 320w,\t\t\t\t\t\thttps:\/\/bredefleur.nl\/wp-content\/uploads\/2023\/02\/Bloemenshop-2-go-3-e1682431272491-640x401.png 640w,\t\t\t\t\t\thttps:\/\/bredefleur.nl\/wp-content\/uploads\/2023\/02\/Bloemenshop-2-go-3-e1682431272491-960x602.png 960w,\t\t\t\t\t\t\t\t\t\t\t\t\t\t\t\t\t\"\n\t\t\t\t>\n\n\t\t\t                                <\/div>\n                                <h3 class=\"team__member-name\">\n                                    Luttelgeest                                <\/h3>\n                                <div class=\"team__member-text\">\n                                    <p>Oosterringweg 30<br \/>\n8315 PV<br \/>\nLuttelgeest<\/p>\n                                <\/div>\n                                                                    <span class=\"team__member-opening-times team__member-link\" style=\"margin-bottom: 2rem; text-decoration: none !important;\">\n                                        <svg fill=\"currentColor\" class=\"team__member-link-icon\" xmlns=\"http:\/\/www.w3.org\/2000\/svg\" viewbox=\"0 0 512 512\"><path d=\"M464 256A208 208 0 1 1 48 256a208 208 0 1 1 416 0zM0 256a256 256 0 1 0 512 0A256 256 0 1 0 0 256zM232 120V256v12.8l10.7 7.1 96 64 20 13.3 26.6-39.9-20-13.3L280 243.2V120 96H232v24z\"\/><\/svg>\n                                        Libre-service : 24\/6 (ferm\u00e9 le dimanche)                                    <\/span>\n                                                                                                                                    <a class=\"team__member-link team__member-link--email\" href=\"mailto:info@bredefleur.nl\">\n                                        <svg fill=\"currentColor\" viewbox=\"0 0 24 24\" class=\"team__member-link-icon\">\n                                            <use xlink:href=\"https:\/\/bredefleur.nl\/wp-content\/themes\/deboprojects\/img\/email.svg#email\"><\/use>\n                                        <\/svg>\n                                        info@bredefleur.nl                                    <\/a>\n                                \n                            <\/div>\n                                            <\/div>\n                            <\/div>\n        <\/div>\n    <\/section>\n\n\t\n\n\n    <section class=\"quote\" >\n        <div class=\"wrapper\">\n            <div class=\"quote__container\">\n                <h2 class=\"quote__quote\">\n                    \"Aujourd'hui, c'est le jour de votre mariage ! Mais oups, j'ai compl\u00e8tement oubli\u00e9 d'acheter un bouquet de fleurs pour ta ch\u00e9rie. Ce soir, c'est ton anniversaire. Eh bien, comme tu \u00e9tais occup\u00e9 au travail...\"\n                <\/h2>\n                            <\/div>\n        <\/div>\n    <\/section>\n\n\t\n\n\n    <div class=\"spacer spacer--white spacer--xs\" ><\/div>\n\n\t\n\n\n\n\n    <section class=\"text-with-image text-with-image--left text-with-image--secondary\" >\n        <div class=\"text-with-image__container\">\n\n            <div class=\"text-with-image__content-container wrapper\">\n                                    <h2 class=\"text-with-image__title mb-s\">\n                        Choisir et acheter des lys 24\/6                    <\/h2>\n                \n                                    <div class=\"text-with-image__text\">\n                        <p>Nos magasins de fleurs sont ouverts jour et nuit. Nous ne sommes ferm\u00e9s que le dimanche. Les magasins sont am\u00e9nag\u00e9s en libre-service et se trouvent \u00e0 Luttelgeest et \u00e0 Moerkapelle. Vous pouvez y cueillir et acheter des lys frais 24\/6 directement chez le producteur.<\/p>\n                    <\/div>\n                \n                            <\/div>\n\n            <div class=\"text-with-image__image-container\">\n                                    \n\t\t\t\t<img\n\t\t\t\t\tclass=\"text-with-image__image js-image-filter\"\n\t\t\t\t\talt=\"Magasin de fleurs 2 go (1)\"\n\t\t\t\t\tsrc=\"https:\/\/bredefleur.nl\/wp-content\/uploads\/2023\/02\/Bloemenshop-2-go-1.png\"\n\t\t\t\t\tsrcset=\"\t\t\t\t\t\thttps:\/\/bredefleur.nl\/wp-content\/uploads\/2023\/02\/Bloemenshop-2-go-1-320x240.png 320w,\t\t\t\t\t\thttps:\/\/bredefleur.nl\/wp-content\/uploads\/2023\/02\/Bloemenshop-2-go-1-640x480.png 640w,\t\t\t\t\t\thttps:\/\/bredefleur.nl\/wp-content\/uploads\/2023\/02\/Bloemenshop-2-go-1-960x720.png 960w,\t\t\t\t\t\thttps:\/\/bredefleur.nl\/wp-content\/uploads\/2023\/02\/Bloemenshop-2-go-1-1250x960.png 1280w,\t\t\t\t\t\thttps:\/\/bredefleur.nl\/wp-content\/uploads\/2023\/02\/Bloemenshop-2-go-1.png 1920w\t\t\t\t\t\"\n\t\t\t\t>\n\n\t\t\t                            <\/div>\n\n        <\/div>\n    <\/section>\n\n\t\n\n\n    <section class=\"text-with-image text-with-image--right text-with-image--tertiary\" >\n        <div class=\"text-with-image__container\">\n\n            <div class=\"text-with-image__content-container wrapper\">\n                                    <h2 class=\"text-with-image__title mb-s\">\n                        De notre grange au libre-service                    <\/h2>\n                \n                                    <div class=\"text-with-image__text\">\n                        <p><em>\"Tout a commenc\u00e9 par la vente de nos lys depuis la grange, ce qui a cr\u00e9\u00e9 un trafic de plus en plus important\"<\/em>Levi Evers, l'un des propri\u00e9taires de Bredefleur. <em>\"En fait, c'est la crise de la corona qui a donn\u00e9 naissance aux magasins en libre-service. Quoi qu'il en soit, nous constatons que nos clients ach\u00e8tent de plus en plus localement et nous aimerions r\u00e9pondre \u00e0 cette demande.<\/em><\/p>\n                    <\/div>\n                \n                            <\/div>\n\n            <div class=\"text-with-image__image-container\">\n                                    \n\t\t\t\t<img\n\t\t\t\t\tclass=\"text-with-image__image js-image-filter\"\n\t\t\t\t\talt=\"Magasin de fleurs 2 go\"\n\t\t\t\t\tsrc=\"https:\/\/bredefleur.nl\/wp-content\/uploads\/2023\/02\/Bloemenshop-2-go.jpg\"\n\t\t\t\t\tsrcset=\"\t\t\t\t\t\thttps:\/\/bredefleur.nl\/wp-content\/uploads\/2023\/02\/Bloemenshop-2-go-320x240.jpg 320w,\t\t\t\t\t\thttps:\/\/bredefleur.nl\/wp-content\/uploads\/2023\/02\/Bloemenshop-2-go-640x480.jpg 640w,\t\t\t\t\t\thttps:\/\/bredefleur.nl\/wp-content\/uploads\/2023\/02\/Bloemenshop-2-go-960x720.jpg 960w,\t\t\t\t\t\thttps:\/\/bredefleur.nl\/wp-content\/uploads\/2023\/02\/Bloemenshop-2-go-1250x960.jpg 1280w,\t\t\t\t\t\thttps:\/\/bredefleur.nl\/wp-content\/uploads\/2023\/02\/Bloemenshop-2-go.jpg 1920w\t\t\t\t\t\"\n\t\t\t\t>\n\n\t\t\t                            <\/div>\n\n        <\/div>\n    <\/section>\n\n\t\n\n\n    <section class=\"quote\" >\n        <div class=\"wrapper\">\n            <div class=\"quote__container\">\n                <h2 class=\"quote__quote\">\n                    \"Vous n'avez vraiment pas eu le temps de choisir un cadeau... Ou peut-\u00eatre avez-vous soudain envie d'un joyeux bouquet de lys pour \u00e9gayer votre int\u00e9rieur ? \"\n                <\/h2>\n                            <\/div>\n        <\/div>\n    <\/section>\n\n\t\n\n\n    <section class=\"text-with-image text-with-image--left text-with-image--quaternary\" >\n        <div class=\"text-with-image__container\">\n\n            <div class=\"text-with-image__content-container wrapper\">\n                                    <h2 class=\"text-with-image__title mb-s\">\n                        Plus jamais les mains vides                    <\/h2>\n                \n                                    <div class=\"text-with-image__text\">\n                        <p>Tr\u00e8s pratique, n'est-ce pas ? Vous n'arriverez plus jamais les mains vides \u00e0 une occasion festive. Et le choix est \u00e9galement vaste : du Bach blanc immacul\u00e9 au Master rose au c\u0153ur vert tendre. Dans les magasins, vous trouverez toutes les couleurs de l'arc-en-ciel et des lys de diff\u00e9rentes formes et tailles.<\/p>\n                    <\/div>\n                \n                            <\/div>\n\n            <div class=\"text-with-image__image-container\">\n                                    \n\t\t\t\t<img\n\t\t\t\t\tclass=\"text-with-image__image js-image-filter\"\n\t\t\t\t\talt=\"IAP Bredefleur Mar 2023 -155 (1)\"\n\t\t\t\t\tsrc=\"https:\/\/bredefleur.nl\/wp-content\/uploads\/2023\/04\/IAP-Bredefleur-mrt-2023-155-1-scaled.jpg\"\n\t\t\t\t\tsrcset=\"\t\t\t\t\t\thttps:\/\/bredefleur.nl\/wp-content\/uploads\/2023\/04\/IAP-Bredefleur-mrt-2023-155-1-320x240.jpg 320w,\t\t\t\t\t\thttps:\/\/bredefleur.nl\/wp-content\/uploads\/2023\/04\/IAP-Bredefleur-mrt-2023-155-1-640x480.jpg 640w,\t\t\t\t\t\thttps:\/\/bredefleur.nl\/wp-content\/uploads\/2023\/04\/IAP-Bredefleur-mrt-2023-155-1-960x720.jpg 960w,\t\t\t\t\t\thttps:\/\/bredefleur.nl\/wp-content\/uploads\/2023\/04\/IAP-Bredefleur-mrt-2023-155-1-1280x960.jpg 1280w,\t\t\t\t\t\thttps:\/\/bredefleur.nl\/wp-content\/uploads\/2023\/04\/IAP-Bredefleur-mrt-2023-155-1-1920x1440.jpg 1920w\t\t\t\t\t\"\n\t\t\t\t>\n\n\t\t\t                            <\/div>\n\n        <\/div>\n    <\/section>\n\n\t\n\n\n    <section class=\"text-with-image text-with-image--right text-with-image--secondary\" >\n        <div class=\"text-with-image__container\">\n\n            <div class=\"text-with-image__content-container wrapper\">\n                                    <h2 class=\"text-with-image__title mb-s\">\n                        Vous vous demandez comment fonctionne le libre-service ?                    <\/h2>\n                \n                                    <div class=\"text-with-image__text\">\n                        <p>\u00c0 Moerkapelle, les n\u00e9nuphars sont dans des seaux d'eau et \u00e0 la boutique de n\u00e9nuphars de Luttelgeest, vous choisissez des fleurs fra\u00eeches dans un distributeur automatique en libre-service.<\/p>\n<p>L'achat est tr\u00e8s simple. Il suffit de suivre les 3 \u00e9tapes suivantes :<\/p>\n<p>1. Choisissez le bouquet\/la botte de fleurs que vous pr\u00e9f\u00e9rez<br \/>\n2. Payez les fleurs avec votre carte de d\u00e9bit<br \/>\n3. Amusez-vous bien !<\/p>\n                    <\/div>\n                \n                            <\/div>\n\n            <div class=\"text-with-image__image-container\">\n                                    \n\t\t\t\t<img\n\t\t\t\t\tclass=\"text-with-image__image js-image-filter\"\n\t\t\t\t\talt=\"IAP Bredefleur Septembre 2022-1300\"\n\t\t\t\t\tsrc=\"https:\/\/bredefleur.nl\/wp-content\/uploads\/2023\/04\/IAP-Bredefleur-september-2022-1300-scaled.jpg\"\n\t\t\t\t\tsrcset=\"\t\t\t\t\t\thttps:\/\/bredefleur.nl\/wp-content\/uploads\/2023\/04\/IAP-Bredefleur-september-2022-1300-320x240.jpg 320w,\t\t\t\t\t\thttps:\/\/bredefleur.nl\/wp-content\/uploads\/2023\/04\/IAP-Bredefleur-september-2022-1300-640x480.jpg 640w,\t\t\t\t\t\thttps:\/\/bredefleur.nl\/wp-content\/uploads\/2023\/04\/IAP-Bredefleur-september-2022-1300-960x720.jpg 960w,\t\t\t\t\t\thttps:\/\/bredefleur.nl\/wp-content\/uploads\/2023\/04\/IAP-Bredefleur-september-2022-1300-1280x960.jpg 1280w,\t\t\t\t\t\thttps:\/\/bredefleur.nl\/wp-content\/uploads\/2023\/04\/IAP-Bredefleur-september-2022-1300-1920x1440.jpg 1920w\t\t\t\t\t\"\n\t\t\t\t>\n\n\t\t\t                            <\/div>\n\n        <\/div>\n    <\/section>","protected":false},"excerpt":{"rendered":"","protected":false},"author":1,"featured_media":0,"parent":0,"menu_order":7,"comment_status":"closed","ping_status":"closed","template":"","meta":{"_acf_changed":false,"footnotes":""},"class_list":["post-4484","page","type-page","status-publish","hentry"],"acf":[],"yoast_head":"<!-- This site is optimized with the Yoast SEO plugin v26.6 - https:\/\/yoast.com\/wordpress\/plugins\/seo\/ -->\n<title>Lelies vers van de kweker - Bredefleur<\/title>\n<meta name=\"robots\" content=\"index, follow, max-snippet:-1, max-image-preview:large, max-video-preview:-1\" \/>\n<link rel=\"canonical\" href=\"https:\/\/bredefleur.nl\/fr\/lys-frais-du-producteur\/\" \/>\n<meta property=\"og:locale\" content=\"fr_FR\" \/>\n<meta property=\"og:type\" content=\"article\" \/>\n<meta property=\"og:title\" content=\"Lelies vers van de kweker - Bredefleur\" \/>\n<meta property=\"og:url\" content=\"https:\/\/bredefleur.nl\/fr\/lys-frais-du-producteur\/\" \/>\n<meta property=\"og:site_name\" content=\"Bredefleur\" \/>\n<meta property=\"article:modified_time\" content=\"2025-06-19T12:55:37+00:00\" \/>\n<meta name=\"twitter:card\" content=\"summary_large_image\" \/>\n<script type=\"application\/ld+json\" class=\"yoast-schema-graph\">{\"@context\":\"https:\/\/schema.org\",\"@graph\":[{\"@type\":\"WebPage\",\"@id\":\"https:\/\/bredefleur.nl\/lelies-vers-van-de-kweker\/\",\"url\":\"https:\/\/bredefleur.nl\/lelies-vers-van-de-kweker\/\",\"name\":\"Lelies vers van de kweker - Bredefleur\",\"isPartOf\":{\"@id\":\"https:\/\/bredefleur.nl\/#website\"},\"datePublished\":\"2022-07-18T06:33:40+00:00\",\"dateModified\":\"2025-06-19T12:55:37+00:00\",\"breadcrumb\":{\"@id\":\"https:\/\/bredefleur.nl\/lelies-vers-van-de-kweker\/#breadcrumb\"},\"inLanguage\":\"fr-FR\",\"potentialAction\":[{\"@type\":\"ReadAction\",\"target\":[\"https:\/\/bredefleur.nl\/lelies-vers-van-de-kweker\/\"]}]},{\"@type\":\"BreadcrumbList\",\"@id\":\"https:\/\/bredefleur.nl\/lelies-vers-van-de-kweker\/#breadcrumb\",\"itemListElement\":[{\"@type\":\"ListItem\",\"position\":1,\"name\":\"Home\",\"item\":\"https:\/\/bredefleur.nl\/\"},{\"@type\":\"ListItem\",\"position\":2,\"name\":\"Lelies vers van de kweker\"}]},{\"@type\":\"WebSite\",\"@id\":\"https:\/\/bredefleur.nl\/#website\",\"url\":\"https:\/\/bredefleur.nl\/\",\"name\":\"Bredefleur\",\"description\":\"Lilies by the original\",\"publisher\":{\"@id\":\"https:\/\/bredefleur.nl\/#organization\"},\"potentialAction\":[{\"@type\":\"SearchAction\",\"target\":{\"@type\":\"EntryPoint\",\"urlTemplate\":\"https:\/\/bredefleur.nl\/?s={search_term_string}\"},\"query-input\":{\"@type\":\"PropertyValueSpecification\",\"valueRequired\":true,\"valueName\":\"search_term_string\"}}],\"inLanguage\":\"fr-FR\"},{\"@type\":\"Organization\",\"@id\":\"https:\/\/bredefleur.nl\/#organization\",\"name\":\"Bredefleur\",\"url\":\"https:\/\/bredefleur.nl\/\",\"logo\":{\"@type\":\"ImageObject\",\"inLanguage\":\"fr-FR\",\"@id\":\"https:\/\/bredefleur.nl\/#\/schema\/logo\/image\/\",\"url\":\"https:\/\/bredefleur.nl\/wp-content\/uploads\/2022\/02\/BF-logo-goud-wit-JPG-scaled.jpg\",\"contentUrl\":\"https:\/\/bredefleur.nl\/wp-content\/uploads\/2022\/02\/BF-logo-goud-wit-JPG-scaled.jpg\",\"width\":2560,\"height\":988,\"caption\":\"Bredefleur\"},\"image\":{\"@id\":\"https:\/\/bredefleur.nl\/#\/schema\/logo\/image\/\"}}]}<\/script>\n<!-- \/ Yoast SEO plugin. -->","yoast_head_json":{"title":"Lys frais du producteur - Bredefleur","robots":{"index":"index","follow":"follow","max-snippet":"max-snippet:-1","max-image-preview":"max-image-preview:large","max-video-preview":"max-video-preview:-1"},"canonical":"https:\/\/bredefleur.nl\/fr\/lys-frais-du-producteur\/","og_locale":"fr_FR","og_type":"article","og_title":"Lelies vers van de kweker - Bredefleur","og_url":"https:\/\/bredefleur.nl\/fr\/lys-frais-du-producteur\/","og_site_name":"Bredefleur","article_modified_time":"2025-06-19T12:55:37+00:00","twitter_card":"summary_large_image","schema":{"@context":"https:\/\/schema.org","@graph":[{"@type":"WebPage","@id":"https:\/\/bredefleur.nl\/lelies-vers-van-de-kweker\/","url":"https:\/\/bredefleur.nl\/lelies-vers-van-de-kweker\/","name":"Lys frais du producteur - Bredefleur","isPartOf":{"@id":"https:\/\/bredefleur.nl\/#website"},"datePublished":"2022-07-18T06:33:40+00:00","dateModified":"2025-06-19T12:55:37+00:00","breadcrumb":{"@id":"https:\/\/bredefleur.nl\/lelies-vers-van-de-kweker\/#breadcrumb"},"inLanguage":"fr-FR","potentialAction":[{"@type":"ReadAction","target":["https:\/\/bredefleur.nl\/lelies-vers-van-de-kweker\/"]}]},{"@type":"BreadcrumbList","@id":"https:\/\/bredefleur.nl\/lelies-vers-van-de-kweker\/#breadcrumb","itemListElement":[{"@type":"ListItem","position":1,"name":"Home","item":"https:\/\/bredefleur.nl\/"},{"@type":"ListItem","position":2,"name":"Lelies vers van de kweker"}]},{"@type":"WebSite","@id":"https:\/\/bredefleur.nl\/#website","url":"https:\/\/bredefleur.nl\/","name":"Bredefleur","description":"Lys par l'original","publisher":{"@id":"https:\/\/bredefleur.nl\/#organization"},"potentialAction":[{"@type":"SearchAction","target":{"@type":"EntryPoint","urlTemplate":"https:\/\/bredefleur.nl\/?s={search_term_string}"},"query-input":{"@type":"PropertyValueSpecification","valueRequired":true,"valueName":"search_term_string"}}],"inLanguage":"fr-FR"},{"@type":"Organization","@id":"https:\/\/bredefleur.nl\/#organization","name":"Bredefleur","url":"https:\/\/bredefleur.nl\/","logo":{"@type":"ImageObject","inLanguage":"fr-FR","@id":"https:\/\/bredefleur.nl\/#\/schema\/logo\/image\/","url":"https:\/\/bredefleur.nl\/wp-content\/uploads\/2022\/02\/BF-logo-goud-wit-JPG-scaled.jpg","contentUrl":"https:\/\/bredefleur.nl\/wp-content\/uploads\/2022\/02\/BF-logo-goud-wit-JPG-scaled.jpg","width":2560,"height":988,"caption":"Bredefleur"},"image":{"@id":"https:\/\/bredefleur.nl\/#\/schema\/logo\/image\/"}}]}},"_links":{"self":[{"href":"https:\/\/bredefleur.nl\/fr\/wp-json\/wp\/v2\/pages\/4484","targetHints":{"allow":["GET"]}}],"collection":[{"href":"https:\/\/bredefleur.nl\/fr\/wp-json\/wp\/v2\/pages"}],"about":[{"href":"https:\/\/bredefleur.nl\/fr\/wp-json\/wp\/v2\/types\/page"}],"author":[{"embeddable":true,"href":"https:\/\/bredefleur.nl\/fr\/wp-json\/wp\/v2\/users\/1"}],"replies":[{"embeddable":true,"href":"https:\/\/bredefleur.nl\/fr\/wp-json\/wp\/v2\/comments?post=4484"}],"version-history":[{"count":107,"href":"https:\/\/bredefleur.nl\/fr\/wp-json\/wp\/v2\/pages\/4484\/revisions"}],"predecessor-version":[{"id":10056,"href":"https:\/\/bredefleur.nl\/fr\/wp-json\/wp\/v2\/pages\/4484\/revisions\/10056"}],"wp:attachment":[{"href":"https:\/\/bredefleur.nl\/fr\/wp-json\/wp\/v2\/media?parent=4484"}],"curies":[{"name":"wp","href":"https:\/\/api.w.org\/{rel}","templated":true}]}}