{"id":2576,"date":"2022-02-01T16:27:34","date_gmt":"2022-02-01T16:27:34","guid":{"rendered":"https:\/\/bredefleur.nl\/?page_id=2576"},"modified":"2022-06-27T08:10:10","modified_gmt":"2022-06-27T08:10:10","slug":"declaration-de-confidentialite","status":"publish","type":"page","link":"https:\/\/bredefleur.nl\/fr\/declaration-de-confidentialite\/","title":{"rendered":"D\u00e9claration de confidentialit\u00e9"},"content":{"rendered":"<div class=\"spacer spacer--white spacer--xl\" ><\/div>\n\n\t\n\n\n    <section class=\"content\" >\n\n                            \n                    <div class=\"content__container\">\n                        <div class=\"wrapper wrapper--small\">\n\n                            \n                            \n                                                                                            <div class=\"content__text\">\n                                                                            <h2 class=\"content__text-title\">D\u00e9claration de confidentialit\u00e9<\/h2>\n                                                                                                            <div class=\"content__text-container content__text-container--1\">\n                                        <p>Nous comprenons que votre vie priv\u00e9e est importante et que vous la traitez avec soin. Vous attendez donc naturellement la m\u00eame chose de notre part. Nous respectons votre vie priv\u00e9e et traitons les informations personnelles que vous nous fournissez avec confidentialit\u00e9 et soin. Bredefleur traite les donn\u00e9es personnelles et les autres donn\u00e9es conform\u00e9ment aux lois applicables. Vos donn\u00e9es sont toujours votre propri\u00e9t\u00e9 et vous pouvez toujours nous demander de les modifier ou de les d\u00e9truire.<\/p>\n<p>La pr\u00e9sente d\u00e9claration de confidentialit\u00e9 vous explique comment nous utilisons et prot\u00e9geons vos donn\u00e9es. En soumettant vos donn\u00e9es personnelles \u00e0 Bredefleur, vous acceptez que nous utilisions vos donn\u00e9es conform\u00e9ment \u00e0 cette d\u00e9claration de confidentialit\u00e9.<\/p>\n<p>Bredefleur, situ\u00e9 \u00e0 Bredeweg 40, 2752 AA Moerkapelle et Oosterringweg 30, 8315 PV Luttelgeest, est responsable du traitement des donn\u00e9es \u00e0 caract\u00e8re personnel tel qu'il est d\u00e9crit dans la pr\u00e9sente d\u00e9claration de confidentialit\u00e9.<\/p>\n<p><u>Coordonn\u00e9es de la personne \u00e0 contacter<\/u><\/p>\n<p>Bredeweg 40, 2752 AA Moerkapelle<br \/>\nOosterringweg 30, 8315 PV Luttelgeest<\/p>\n<p>info@bredefleur.nl<\/p>\n<p>Succursale de Moerkapelle : +31(0)79-5931717<br \/>\nAgence de Luttelgeest : +31(0)527-256200<\/p>\n<p><u>Donn\u00e9es personnelles que nous traitons<br \/>\n<\/u>Bredefleur traite vos donn\u00e9es personnelles parce que vous utilisez nos services et\/ou parce que vous nous les fournissez vous-m\u00eame. Vous trouverez ci-dessous un aper\u00e7u des donn\u00e9es \u00e0 caract\u00e8re personnel que nous traitons :<\/p>\n<ul>\n<li>Pr\u00e9nom et\/ou nom<\/li>\n<li>Adresse \u00e9lectronique<\/li>\n<li>Autres donn\u00e9es personnelles que vous fournissez activement, par exemple en vous abonnant \u00e0 notre lettre d'information, par correspondance ou par t\u00e9l\u00e9phone.<\/li>\n<li>Donn\u00e9es sur vos activit\u00e9s sur notre site web via Google Analytics et Facebook Pixel<\/li>\n<li>D\u00e9tails des commandes que vous (si vous \u00eates un de nos clients) avez pass\u00e9es avec nous<\/li>\n<\/ul>\n<p>Nous ne traitons pas de donn\u00e9es personnelles sp\u00e9ciales et\/ou sensibles.<\/p>\n<p>Bredefleur traite vos donn\u00e9es \u00e0 caract\u00e8re personnel aux fins suivantes :<\/p>\n<ul>\n<li>Envoi de notre lettre d'information et\/ou d'autres mailings<\/li>\n<li>vous appeler ou vous envoyer un courrier \u00e9lectronique si cela s'av\u00e8re n\u00e9cessaire pour la prestation de nos services<\/li>\n<li>vous informer des modifications apport\u00e9es \u00e0 nos services et produits<\/li>\n<li>Pour vous fournir des biens et des services<\/li>\n<li>Bredefleur analyse votre comportement sur le site web afin d'am\u00e9liorer le site et d'adapter la gamme de produits et de services \u00e0 vos pr\u00e9f\u00e9rences.<\/li>\n<\/ul>\n<p><u>P\u00e9riode de conservation<\/u><br \/>\nBredefleur ne conservera pas vos donn\u00e9es personnelles plus longtemps que ce qui est strictement n\u00e9cessaire pour atteindre les objectifs pour lesquels vos donn\u00e9es ont \u00e9t\u00e9 collect\u00e9es. Nous utilisons les p\u00e9riodes de conservation suivantes pour les donn\u00e9es \u00e0 caract\u00e8re personnel suivantes :<\/p>\n<ul>\n<li>Nous conservons vos donn\u00e9es personnelles aussi longtemps que vous \u00eates client chez nous et que vous passez des commandes.<\/li>\n<li>Nous conservons vos donn\u00e9es personnelles pour vous fournir des informations par le biais de notre lettre d'information et\/ou de nos mailings jusqu'\u00e0 ce que vous vous d\u00e9sinscriviez de notre lettre d'information et\/ou de nos mailings.<\/li>\n<\/ul>\n<p><u>Partage de donn\u00e9es personnelles avec des tiers<\/u><\/p>\n<p>Bredefleur ne vend pas vos donn\u00e9es \u00e0 des tiers et ne les fournit que si elles sont n\u00e9cessaires \u00e0 l'ex\u00e9cution de notre contrat avec vous ou au respect d'une obligation l\u00e9gale. Avec les entreprises qui traitent vos donn\u00e9es en notre nom, nous concluons un accord de sous-traitance pour garantir le m\u00eame niveau de s\u00e9curit\u00e9 et de confidentialit\u00e9 de vos donn\u00e9es. Bredefleur reste responsable de ce traitement.<\/p>\n<p><u>Cookies, ou techniques similaires, que nous utilisons<br \/>\n<\/u>Bredefleur utilise uniquement des cookies techniques et fonctionnels. Et des cookies analytiques qui ne portent pas atteinte \u00e0 votre vie priv\u00e9e. Un cookie est un petit fichier texte qui est stock\u00e9 sur votre ordinateur, tablette ou smartphone lors de votre premi\u00e8re visite sur ce site web. Les cookies que nous utilisons sont n\u00e9cessaires au fonctionnement technique du site web et \u00e0 sa facilit\u00e9 d'utilisation. Ils garantissent le bon fonctionnement du site web et, par exemple, m\u00e9morisent vos pr\u00e9f\u00e9rences. Ils nous permettent \u00e9galement d'optimiser notre site web. Vous pouvez refuser les cookies en param\u00e9trant votre navigateur Internet de mani\u00e8re \u00e0 ce qu'il ne stocke plus de cookies. Vous pouvez \u00e9galement supprimer toute information pr\u00e9c\u00e9demment stock\u00e9e via les param\u00e8tres de votre navigateur.<\/p>\n<p><u>Visualiser, modifier ou supprimer des donn\u00e9es<br \/>\n<\/u>Vous avez le droit de consulter, de corriger ou de supprimer vos donn\u00e9es personnelles. Vous avez \u00e9galement le droit de retirer votre \u00e9ventuel consentement au traitement des donn\u00e9es ou de vous opposer au traitement de vos donn\u00e9es personnelles par Bredefleur, et vous avez le droit \u00e0 la portabilit\u00e9 des donn\u00e9es. Cela signifie que vous pouvez nous demander de vous envoyer les donn\u00e9es personnelles que nous d\u00e9tenons sur vous dans un fichier informatique, \u00e0 vous ou \u00e0 une autre organisation que vous aurez d\u00e9sign\u00e9e.<\/p>\n<p>Vous pouvez envoyer une demande d'acc\u00e8s, de correction, de suppression, de transfert de vos donn\u00e9es personnelles ou demander la r\u00e9vocation de votre consentement ou de votre objection au traitement de vos donn\u00e9es personnelles \u00e0 marketing@bredefleur.nl.<\/p>\n<p>Afin de s'assurer que la demande de contr\u00f4le \u00e9mane bien de vous, nous vous demandons d'accompagner votre demande d'une copie de votre preuve d'identit\u00e9. Sur cette copie, noircissez votre photo de passeport, la MRZ (zone de lecture automatique, la bande de chiffres au bas du passeport), le num\u00e9ro de passeport et le num\u00e9ro de service du citoyen (BSN). Ceci afin de prot\u00e9ger votre vie priv\u00e9e. Nous r\u00e9pondrons \u00e0 votre demande d\u00e8s que possible, mais dans un d\u00e9lai de quatre semaines.<\/p>\n<p>Bredefleur vous informe \u00e9galement que vous avez la possibilit\u00e9 d'introduire une plainte aupr\u00e8s du r\u00e9gulateur national, l'Autorit\u00e9 des donn\u00e9es personnelles. Vous pouvez le faire via le lien suivant :\u00a0<a href=\"https:\/\/autoriteitpersoonsgegevens.nl\/nl\/contact-met-de-autoriteit-persoonsgegevens\/tip-ons\">https:\/\/autoriteitpersoonsgegevens.nl\/nl\/contact-met-de-autoriteit-persoonsgegevens\/tip-ons<\/a><\/p>\n<p><u>Comment nous s\u00e9curisons les donn\u00e9es personnelles<br \/>\n<\/u>Bredefleur prend la protection de vos donn\u00e9es au s\u00e9rieux et prend des mesures appropri\u00e9es pour emp\u00eacher l'utilisation abusive, la perte, l'acc\u00e8s non autoris\u00e9, la divulgation non d\u00e9sir\u00e9e et la modification non autoris\u00e9e. Si vous avez l'impression que vos donn\u00e9es ne sont pas correctement s\u00e9curis\u00e9es ou qu'il y a des indications d'abus, veuillez contacter notre service client\u00e8le ou via marketing@bredefleur.nl.<\/p>\n<p><u>Des questions ?<br \/>\n<\/u>Vous avez une question concernant cette d\u00e9claration de confidentialit\u00e9 ou la protection de vos donn\u00e9es personnelles ? Veuillez envoyer un courriel \u00e0 info@bredefleur.nl et nous r\u00e9pondrons \u00e0 votre question d\u00e8s que possible et, en tout \u00e9tat de cause, dans un d\u00e9lai de quatre semaines.<\/p>\n<p><u>Modification de la pr\u00e9sente d\u00e9claration de confidentialit\u00e9<br \/>\n<\/u>Bredefleur se r\u00e9serve le droit de modifier cette d\u00e9claration de confidentialit\u00e9. Cela peut s'av\u00e9rer n\u00e9cessaire si la mani\u00e8re dont nous collectons les donn\u00e9es change ou si la loi est modifi\u00e9e.<\/p>\n<p><em>Cette d\u00e9claration de confidentialit\u00e9 a \u00e9t\u00e9 modifi\u00e9e pour la derni\u00e8re fois en f\u00e9vrier 2022.<\/em><\/p>\n                                    <\/div>\n                                                                    <\/div>\n                            \n                            \n                            \n                            \n                            \n                        <\/div>\n                    <\/div>\n\n                            \n\n    <\/section>\n\n\t\n\n\n    <div class=\"spacer spacer--white spacer--xl\" ><\/div>\n\n\t\n\n\n    <section class=\"newsletter-form\" >\n        <div class=\"newsletter-form__container\">\n            <div class=\"newsletter-form__background-container\">\n                \n\t\t\t\t<img\n\t\t\t\t\tclass=\"newsletter-form__background\"\n\t\t\t\t\talt=\"IAP Bredefleur -249\"\n\t\t\t\t\tsrc=\"https:\/\/bredefleur.nl\/wp-content\/uploads\/2021\/11\/IAP-Bredefleur-249.jpg\"\n\t\t\t\t\tsrcset=\"\t\t\t\t\t\thttps:\/\/bredefleur.nl\/wp-content\/uploads\/2021\/11\/IAP-Bredefleur-249-320x180.jpg 320w,\t\t\t\t\t\thttps:\/\/bredefleur.nl\/wp-content\/uploads\/2021\/11\/IAP-Bredefleur-249-640x360.jpg 640w,\t\t\t\t\t\thttps:\/\/bredefleur.nl\/wp-content\/uploads\/2021\/11\/IAP-Bredefleur-249-960x540.jpg 960w,\t\t\t\t\t\thttps:\/\/bredefleur.nl\/wp-content\/uploads\/2021\/11\/IAP-Bredefleur-249-1280x720.jpg 1280w,\t\t\t\t\t\thttps:\/\/bredefleur.nl\/wp-content\/uploads\/2021\/11\/IAP-Bredefleur-249-1920x1080.jpg 1920w\t\t\t\t\t\"\n\t\t\t\t>\n\n\t\t\t            <\/div>\n            <div class=\"newsletter-form__form\">\n                <div class=\"newsletter-form__form-container form\">\n                                            <p class=\"newsletter-form__form-title\">\n                            Restez \u00e0 l'\u00e9coute<br\/> S'abonner \u00e0 la lettre d'information de la communaut\u00e9 BFF                        <\/p>\n                    \n                    <div id=\"mc_embed_signup\">\n                        <form action=\"https:\/\/bredefleur.us12.list-manage.com\/subscribe?u=025ffbf31e74db68ef2bc5748&#038;id=295e60bf6d\" method=\"post\" id=\"mc-embedded-subscribe-form\" name=\"mc-embedded-subscribe-form\" class=\"validate\" target=\"_blank\" novalidate>\n                            <div id=\"mc_embed_signup_scroll\" class=\"newsletter-form__mc-form\">\n                                <div class=\"mc-field-group newsletter-form__group\">\n                                    <input type=\"email\" value=\"\" name=\"EMAIL\" placeholder=\" \" class=\"required email newsletter-form__input\" id=\"mce-EMAIL\">\n                                    <label for=\"mce-EMAIL\" class=\"newsletter-form__label\">\n                                        Votre adresse \u00e9lectronique                                    <\/label>\n                                <\/div>\n                                <div id=\"mce-responses\" class=\"clear foot\">\n                                    <div class=\"response\" id=\"mce-error-response\" style=\"display:none\"><\/div>\n                                    <div class=\"response\" id=\"mce-success-response\" style=\"display:none\"><\/div>\n                                <\/div>    <!-- real people should not fill this in and expect good things - do not remove this or risk form bot signups-->\n                                <div style=\"position: absolute; left: -5000px;\" aria-hidden=\"true\">\n                                    <input type=\"text\" name=\"b_025ffbf31e74db68ef2bc5748_b64facfeaa\" tabindex=\"-1\" value=\"\">\n                                <\/div>\n                                <div class=\"optionalParent\">\n                                    <div class=\"clear foot\">\n                                        <button type=\"submit\" value=\"Subscribe\" name=\"subscribe\" id=\"mc-embedded-subscribe\" class=\"btn btn--primary btn--arrow newsletter-form__btn\">\n                                            <svg fill=\"currentColor\" viewbox=\"0 0 7 12\" class=\"btn__arrow\">\n                                                <use xlink:href=\"https:\/\/bredefleur.nl\/wp-content\/themes\/deboprojects\/img\/arrow-right-white.svg#arrow\"><\/use>\n                                            <\/svg>\n                                        <\/button>\n                                    <\/div>\n                                <\/div>\n                            <\/div>\n                        <\/form>\n                    <\/div>\n\n\n                <\/div>\n            <\/div>\n\n        <\/div>\n    <\/section>","protected":false},"excerpt":{"rendered":"","protected":false},"author":1,"featured_media":0,"parent":0,"menu_order":0,"comment_status":"closed","ping_status":"closed","template":"","meta":{"_acf_changed":false,"footnotes":""},"class_list":["post-2576","page","type-page","status-publish","hentry"],"acf":[],"yoast_head":"<!-- This site is optimized with the Yoast SEO plugin v26.6 - https:\/\/yoast.com\/wordpress\/plugins\/seo\/ -->\n<title>Privacyverklaring - Bredefleur<\/title>\n<meta name=\"robots\" content=\"index, follow, max-snippet:-1, max-image-preview:large, max-video-preview:-1\" \/>\n<link rel=\"canonical\" href=\"https:\/\/bredefleur.nl\/fr\/declaration-de-confidentialite\/\" \/>\n<meta property=\"og:locale\" content=\"fr_FR\" \/>\n<meta property=\"og:type\" content=\"article\" \/>\n<meta property=\"og:title\" content=\"Privacyverklaring - Bredefleur\" \/>\n<meta property=\"og:url\" content=\"https:\/\/bredefleur.nl\/fr\/declaration-de-confidentialite\/\" \/>\n<meta property=\"og:site_name\" content=\"Bredefleur\" \/>\n<meta property=\"article:modified_time\" content=\"2022-06-27T08:10:10+00:00\" \/>\n<meta name=\"twitter:card\" content=\"summary_large_image\" \/>\n<script type=\"application\/ld+json\" class=\"yoast-schema-graph\">{\"@context\":\"https:\/\/schema.org\",\"@graph\":[{\"@type\":\"WebPage\",\"@id\":\"https:\/\/bredefleur.nl\/privacyverklaring\/\",\"url\":\"https:\/\/bredefleur.nl\/privacyverklaring\/\",\"name\":\"Privacyverklaring - Bredefleur\",\"isPartOf\":{\"@id\":\"https:\/\/bredefleur.nl\/#website\"},\"datePublished\":\"2022-02-01T16:27:34+00:00\",\"dateModified\":\"2022-06-27T08:10:10+00:00\",\"breadcrumb\":{\"@id\":\"https:\/\/bredefleur.nl\/privacyverklaring\/#breadcrumb\"},\"inLanguage\":\"fr-FR\",\"potentialAction\":[{\"@type\":\"ReadAction\",\"target\":[\"https:\/\/bredefleur.nl\/privacyverklaring\/\"]}]},{\"@type\":\"BreadcrumbList\",\"@id\":\"https:\/\/bredefleur.nl\/privacyverklaring\/#breadcrumb\",\"itemListElement\":[{\"@type\":\"ListItem\",\"position\":1,\"name\":\"Home\",\"item\":\"https:\/\/bredefleur.nl\/\"},{\"@type\":\"ListItem\",\"position\":2,\"name\":\"Privacyverklaring\"}]},{\"@type\":\"WebSite\",\"@id\":\"https:\/\/bredefleur.nl\/#website\",\"url\":\"https:\/\/bredefleur.nl\/\",\"name\":\"Bredefleur\",\"description\":\"Lilies by the original\",\"publisher\":{\"@id\":\"https:\/\/bredefleur.nl\/#organization\"},\"potentialAction\":[{\"@type\":\"SearchAction\",\"target\":{\"@type\":\"EntryPoint\",\"urlTemplate\":\"https:\/\/bredefleur.nl\/?s={search_term_string}\"},\"query-input\":{\"@type\":\"PropertyValueSpecification\",\"valueRequired\":true,\"valueName\":\"search_term_string\"}}],\"inLanguage\":\"fr-FR\"},{\"@type\":\"Organization\",\"@id\":\"https:\/\/bredefleur.nl\/#organization\",\"name\":\"Bredefleur\",\"url\":\"https:\/\/bredefleur.nl\/\",\"logo\":{\"@type\":\"ImageObject\",\"inLanguage\":\"fr-FR\",\"@id\":\"https:\/\/bredefleur.nl\/#\/schema\/logo\/image\/\",\"url\":\"https:\/\/bredefleur.nl\/wp-content\/uploads\/2022\/02\/BF-logo-goud-wit-JPG-scaled.jpg\",\"contentUrl\":\"https:\/\/bredefleur.nl\/wp-content\/uploads\/2022\/02\/BF-logo-goud-wit-JPG-scaled.jpg\",\"width\":2560,\"height\":988,\"caption\":\"Bredefleur\"},\"image\":{\"@id\":\"https:\/\/bredefleur.nl\/#\/schema\/logo\/image\/\"}}]}<\/script>\n<!-- \/ Yoast SEO plugin. -->","yoast_head_json":{"title":"D\u00e9claration de confidentialit\u00e9 - Bredefleur","robots":{"index":"index","follow":"follow","max-snippet":"max-snippet:-1","max-image-preview":"max-image-preview:large","max-video-preview":"max-video-preview:-1"},"canonical":"https:\/\/bredefleur.nl\/fr\/declaration-de-confidentialite\/","og_locale":"fr_FR","og_type":"article","og_title":"Privacyverklaring - Bredefleur","og_url":"https:\/\/bredefleur.nl\/fr\/declaration-de-confidentialite\/","og_site_name":"Bredefleur","article_modified_time":"2022-06-27T08:10:10+00:00","twitter_card":"summary_large_image","schema":{"@context":"https:\/\/schema.org","@graph":[{"@type":"WebPage","@id":"https:\/\/bredefleur.nl\/privacyverklaring\/","url":"https:\/\/bredefleur.nl\/privacyverklaring\/","name":"D\u00e9claration de confidentialit\u00e9 - Bredefleur","isPartOf":{"@id":"https:\/\/bredefleur.nl\/#website"},"datePublished":"2022-02-01T16:27:34+00:00","dateModified":"2022-06-27T08:10:10+00:00","breadcrumb":{"@id":"https:\/\/bredefleur.nl\/privacyverklaring\/#breadcrumb"},"inLanguage":"fr-FR","potentialAction":[{"@type":"ReadAction","target":["https:\/\/bredefleur.nl\/privacyverklaring\/"]}]},{"@type":"BreadcrumbList","@id":"https:\/\/bredefleur.nl\/privacyverklaring\/#breadcrumb","itemListElement":[{"@type":"ListItem","position":1,"name":"Home","item":"https:\/\/bredefleur.nl\/"},{"@type":"ListItem","position":2,"name":"Privacyverklaring"}]},{"@type":"WebSite","@id":"https:\/\/bredefleur.nl\/#website","url":"https:\/\/bredefleur.nl\/","name":"Bredefleur","description":"Lys par l'original","publisher":{"@id":"https:\/\/bredefleur.nl\/#organization"},"potentialAction":[{"@type":"SearchAction","target":{"@type":"EntryPoint","urlTemplate":"https:\/\/bredefleur.nl\/?s={search_term_string}"},"query-input":{"@type":"PropertyValueSpecification","valueRequired":true,"valueName":"search_term_string"}}],"inLanguage":"fr-FR"},{"@type":"Organization","@id":"https:\/\/bredefleur.nl\/#organization","name":"Bredefleur","url":"https:\/\/bredefleur.nl\/","logo":{"@type":"ImageObject","inLanguage":"fr-FR","@id":"https:\/\/bredefleur.nl\/#\/schema\/logo\/image\/","url":"https:\/\/bredefleur.nl\/wp-content\/uploads\/2022\/02\/BF-logo-goud-wit-JPG-scaled.jpg","contentUrl":"https:\/\/bredefleur.nl\/wp-content\/uploads\/2022\/02\/BF-logo-goud-wit-JPG-scaled.jpg","width":2560,"height":988,"caption":"Bredefleur"},"image":{"@id":"https:\/\/bredefleur.nl\/#\/schema\/logo\/image\/"}}]}},"_links":{"self":[{"href":"https:\/\/bredefleur.nl\/fr\/wp-json\/wp\/v2\/pages\/2576","targetHints":{"allow":["GET"]}}],"collection":[{"href":"https:\/\/bredefleur.nl\/fr\/wp-json\/wp\/v2\/pages"}],"about":[{"href":"https:\/\/bredefleur.nl\/fr\/wp-json\/wp\/v2\/types\/page"}],"author":[{"embeddable":true,"href":"https:\/\/bredefleur.nl\/fr\/wp-json\/wp\/v2\/users\/1"}],"replies":[{"embeddable":true,"href":"https:\/\/bredefleur.nl\/fr\/wp-json\/wp\/v2\/comments?post=2576"}],"version-history":[{"count":18,"href":"https:\/\/bredefleur.nl\/fr\/wp-json\/wp\/v2\/pages\/2576\/revisions"}],"predecessor-version":[{"id":4408,"href":"https:\/\/bredefleur.nl\/fr\/wp-json\/wp\/v2\/pages\/2576\/revisions\/4408"}],"wp:attachment":[{"href":"https:\/\/bredefleur.nl\/fr\/wp-json\/wp\/v2\/media?parent=2576"}],"curies":[{"name":"wp","href":"https:\/\/api.w.org\/{rel}","templated":true}]}}