{"id":4484,"date":"2022-07-18T06:33:40","date_gmt":"2022-07-18T06:33:40","guid":{"rendered":"https:\/\/bredefleur.nl\/?page_id=4484"},"modified":"2025-06-19T12:55:37","modified_gmt":"2025-06-19T12:55:37","slug":"lilien-frisch-vom-zuchter","status":"publish","type":"page","link":"https:\/\/bredefleur.nl\/de\/lilien-frisch-vom-zuchter\/","title":{"rendered":"Lilien frisch vom Z\u00fcchter"},"content":{"rendered":"<section class=\"hero-entry\" >\n        <div class=\"hero-entry__container\">\n            <div class=\"hero-entry__background-container\">\n                \n\t\t\t\t<img\n\t\t\t\t\tclass=\"hero-entry__background-image\"\n\t\t\t\t\talt=\"IAP Albufeira Dalian Bredefleur Mar 2023 -402\"\n\t\t\t\t\tsrc=\"https:\/\/bredefleur.nl\/wp-content\/uploads\/2023\/04\/IAP-Albufeira-Dalian-Bredefleur-mrt-2023-402.jpg\"\n\t\t\t\t\tsrcset=\"\t\t\t\t\t\thttps:\/\/bredefleur.nl\/wp-content\/uploads\/2023\/04\/IAP-Albufeira-Dalian-Bredefleur-mrt-2023-402-320x180.jpg 320w,\t\t\t\t\t\thttps:\/\/bredefleur.nl\/wp-content\/uploads\/2023\/04\/IAP-Albufeira-Dalian-Bredefleur-mrt-2023-402-640x360.jpg 640w,\t\t\t\t\t\thttps:\/\/bredefleur.nl\/wp-content\/uploads\/2023\/04\/IAP-Albufeira-Dalian-Bredefleur-mrt-2023-402-960x540.jpg 960w,\t\t\t\t\t\thttps:\/\/bredefleur.nl\/wp-content\/uploads\/2023\/04\/IAP-Albufeira-Dalian-Bredefleur-mrt-2023-402-1280x720.jpg 1280w,\t\t\t\t\t\thttps:\/\/bredefleur.nl\/wp-content\/uploads\/2023\/04\/IAP-Albufeira-Dalian-Bredefleur-mrt-2023-402-1920x1080.jpg 1920w\t\t\t\t\t\"\n\t\t\t\t>\n\n\t\t\t            <\/div>\n            <div class=\"hero-entry__content\">\n                <h1 class=\"hero-entry__title\">\n                    Lilien frisch vom Z\u00fcchter                <\/h1>\n                            <\/div>\n\n        <\/div>\n    <\/section>\n\n\t\n\n\n    <section class=\"team team--light-grey\" >\n        <div class=\"wrapper\">\n            <div class=\"team__container\">\n\n                <div class=\"team__content\">\n                    <h2 class=\"team__title\">\n                                            <\/h2>\n\n                    <div class=\"team__text\">\n                                            <\/div>\n                <\/div>\n\n                                    <div class=\"team__members-container team__members-container--2\">\n                                                                                <div class=\"team__member\">\n                                <div class=\"team__member-image-container\">\n                                    \n\t\t\t\t<img\n\t\t\t\t\tclass=\"team__member-image js-image-filter\"\n\t\t\t\t\talt=\"Blumenladen Bredefleur (1)\"\n\t\t\t\t\tsrc=\"https:\/\/bredefleur.nl\/wp-content\/uploads\/2025\/06\/Bloemenshop-Bredefleur-1.png\"\n\t\t\t\t\tsrcset=\"\t\t\t\t\t\thttps:\/\/bredefleur.nl\/wp-content\/uploads\/2025\/06\/Bloemenshop-Bredefleur-1.png 320w,\t\t\t\t\t\thttps:\/\/bredefleur.nl\/wp-content\/uploads\/2025\/06\/Bloemenshop-Bredefleur-1.png 640w,\t\t\t\t\t\thttps:\/\/bredefleur.nl\/wp-content\/uploads\/2025\/06\/Bloemenshop-Bredefleur-1.png 960w,\t\t\t\t\t\t\t\t\t\t\t\t\t\t\t\t\t\"\n\t\t\t\t>\n\n\t\t\t                                <\/div>\n                                <h3 class=\"team__member-name\">\n                                    Moerkapelle                                <\/h3>\n                                <div class=\"team__member-text\">\n                                    <p>Bredeweg 40<br \/>\n2752 AA<br \/>\nMoerkapelle<\/p>\n                                <\/div>\n                                                                    <span class=\"team__member-opening-times team__member-link\" style=\"margin-bottom: 2rem; text-decoration: none !important;\">\n                                        <svg fill=\"currentColor\" class=\"team__member-link-icon\" xmlns=\"http:\/\/www.w3.org\/2000\/svg\" viewbox=\"0 0 512 512\"><path d=\"M464 256A208 208 0 1 1 48 256a208 208 0 1 1 416 0zM0 256a256 256 0 1 0 512 0A256 256 0 1 0 0 256zM232 120V256v12.8l10.7 7.1 96 64 20 13.3 26.6-39.9-20-13.3L280 243.2V120 96H232v24z\"\/><\/svg>\n                                        Selbstbedienung: 24\/6 (Sonntag geschlossen)                                    <\/span>\n                                                                                                                                    <a class=\"team__member-link team__member-link--email\" href=\"mailto:info@bredefleur.nl\">\n                                        <svg fill=\"currentColor\" viewbox=\"0 0 24 24\" class=\"team__member-link-icon\">\n                                            <use xlink:href=\"https:\/\/bredefleur.nl\/wp-content\/themes\/deboprojects\/img\/email.svg#email\"><\/use>\n                                        <\/svg>\n                                        info@bredefleur.nl                                    <\/a>\n                                \n                            <\/div>\n                                                                                <div class=\"team__member\">\n                                <div class=\"team__member-image-container\">\n                                    \n\t\t\t\t<img\n\t\t\t\t\tclass=\"team__member-image js-image-filter\"\n\t\t\t\t\talt=\"Blumenladen 2 go (3)\"\n\t\t\t\t\tsrc=\"https:\/\/bredefleur.nl\/wp-content\/uploads\/2023\/02\/Bloemenshop-2-go-3-e1682431272491.png\"\n\t\t\t\t\tsrcset=\"\t\t\t\t\t\thttps:\/\/bredefleur.nl\/wp-content\/uploads\/2023\/02\/Bloemenshop-2-go-3-e1682431272491-320x201.png 320w,\t\t\t\t\t\thttps:\/\/bredefleur.nl\/wp-content\/uploads\/2023\/02\/Bloemenshop-2-go-3-e1682431272491-640x401.png 640w,\t\t\t\t\t\thttps:\/\/bredefleur.nl\/wp-content\/uploads\/2023\/02\/Bloemenshop-2-go-3-e1682431272491-960x602.png 960w,\t\t\t\t\t\t\t\t\t\t\t\t\t\t\t\t\t\"\n\t\t\t\t>\n\n\t\t\t                                <\/div>\n                                <h3 class=\"team__member-name\">\n                                    Luttelgeest                                <\/h3>\n                                <div class=\"team__member-text\">\n                                    <p>Oosterringweg 30<br \/>\n8315 PV<br \/>\nLuttelgeest<\/p>\n                                <\/div>\n                                                                    <span class=\"team__member-opening-times team__member-link\" style=\"margin-bottom: 2rem; text-decoration: none !important;\">\n                                        <svg fill=\"currentColor\" class=\"team__member-link-icon\" xmlns=\"http:\/\/www.w3.org\/2000\/svg\" viewbox=\"0 0 512 512\"><path d=\"M464 256A208 208 0 1 1 48 256a208 208 0 1 1 416 0zM0 256a256 256 0 1 0 512 0A256 256 0 1 0 0 256zM232 120V256v12.8l10.7 7.1 96 64 20 13.3 26.6-39.9-20-13.3L280 243.2V120 96H232v24z\"\/><\/svg>\n                                        Selbstbedienung: 24\/6 (Sonntag geschlossen)                                    <\/span>\n                                                                                                                                    <a class=\"team__member-link team__member-link--email\" href=\"mailto:info@bredefleur.nl\">\n                                        <svg fill=\"currentColor\" viewbox=\"0 0 24 24\" class=\"team__member-link-icon\">\n                                            <use xlink:href=\"https:\/\/bredefleur.nl\/wp-content\/themes\/deboprojects\/img\/email.svg#email\"><\/use>\n                                        <\/svg>\n                                        info@bredefleur.nl                                    <\/a>\n                                \n                            <\/div>\n                                            <\/div>\n                            <\/div>\n        <\/div>\n    <\/section>\n\n\t\n\n\n    <section class=\"quote\" >\n        <div class=\"wrapper\">\n            <div class=\"quote__container\">\n                <h2 class=\"quote__quote\">\n                    \"Heute ist Ihr Hochzeitstag! Aber ups, ganz vergessen, einen Blumenstrau\u00df f\u00fcr deine Liebste zu kaufen. Heute Abend ist ein Geburtstag. Na ja, wie besch\u00e4ftigt du bei der Arbeit warst...\"\n                <\/h2>\n                            <\/div>\n        <\/div>\n    <\/section>\n\n\t\n\n\n    <div class=\"spacer spacer--white spacer--xs\" ><\/div>\n\n\t\n\n\n\n\n    <section class=\"text-with-image text-with-image--left text-with-image--secondary\" >\n        <div class=\"text-with-image__container\">\n\n            <div class=\"text-with-image__content-container wrapper\">\n                                    <h2 class=\"text-with-image__title mb-s\">\n                        24\/6 Lilien ausw\u00e4hlen und kaufen                    <\/h2>\n                \n                                    <div class=\"text-with-image__text\">\n                        <p>Unsere Blumengesch\u00e4fte sind Tag und Nacht ge\u00f6ffnet. Nur sonntags sind wir geschlossen. Die L\u00e4den sind f\u00fcr Selbstbedienung eingerichtet und befinden sich in Luttelgeest und Moerkapelle. Hier k\u00f6nnen Sie 24\/6 frische Lilien direkt vom Z\u00fcchter pfl\u00fccken und kaufen.<\/p>\n                    <\/div>\n                \n                            <\/div>\n\n            <div class=\"text-with-image__image-container\">\n                                    \n\t\t\t\t<img\n\t\t\t\t\tclass=\"text-with-image__image js-image-filter\"\n\t\t\t\t\talt=\"Blumenladen 2 go (1)\"\n\t\t\t\t\tsrc=\"https:\/\/bredefleur.nl\/wp-content\/uploads\/2023\/02\/Bloemenshop-2-go-1.png\"\n\t\t\t\t\tsrcset=\"\t\t\t\t\t\thttps:\/\/bredefleur.nl\/wp-content\/uploads\/2023\/02\/Bloemenshop-2-go-1-320x240.png 320w,\t\t\t\t\t\thttps:\/\/bredefleur.nl\/wp-content\/uploads\/2023\/02\/Bloemenshop-2-go-1-640x480.png 640w,\t\t\t\t\t\thttps:\/\/bredefleur.nl\/wp-content\/uploads\/2023\/02\/Bloemenshop-2-go-1-960x720.png 960w,\t\t\t\t\t\thttps:\/\/bredefleur.nl\/wp-content\/uploads\/2023\/02\/Bloemenshop-2-go-1-1250x960.png 1280w,\t\t\t\t\t\thttps:\/\/bredefleur.nl\/wp-content\/uploads\/2023\/02\/Bloemenshop-2-go-1.png 1920w\t\t\t\t\t\"\n\t\t\t\t>\n\n\t\t\t                            <\/div>\n\n        <\/div>\n    <\/section>\n\n\t\n\n\n    <section class=\"text-with-image text-with-image--right text-with-image--tertiary\" >\n        <div class=\"text-with-image__container\">\n\n            <div class=\"text-with-image__content-container wrapper\">\n                                    <h2 class=\"text-with-image__title mb-s\">\n                        Von der Scheune zur Selbstbedienung                    <\/h2>\n                \n                                    <div class=\"text-with-image__text\">\n                        <p><em>\"Angefangen hat alles mit dem Verkauf unserer Lilien in der Scheune, was zu immer mehr Verkehr f\u00fchrte.<\/em>, sagt Levi Evers, einer der Eigent\u00fcmer von Bredefleur. <em>\"Und eigentlich sind die Selbstbedienungsl\u00e4den wegen der Corona-Krise entstanden. Auf jeden Fall stellen wir fest, dass unsere Kunden zunehmend lokal einkaufen, und darauf m\u00f6chten wir reagieren.\"<\/em><\/p>\n                    <\/div>\n                \n                            <\/div>\n\n            <div class=\"text-with-image__image-container\">\n                                    \n\t\t\t\t<img\n\t\t\t\t\tclass=\"text-with-image__image js-image-filter\"\n\t\t\t\t\talt=\"Blumenladen 2 go\"\n\t\t\t\t\tsrc=\"https:\/\/bredefleur.nl\/wp-content\/uploads\/2023\/02\/Bloemenshop-2-go.jpg\"\n\t\t\t\t\tsrcset=\"\t\t\t\t\t\thttps:\/\/bredefleur.nl\/wp-content\/uploads\/2023\/02\/Bloemenshop-2-go-320x240.jpg 320w,\t\t\t\t\t\thttps:\/\/bredefleur.nl\/wp-content\/uploads\/2023\/02\/Bloemenshop-2-go-640x480.jpg 640w,\t\t\t\t\t\thttps:\/\/bredefleur.nl\/wp-content\/uploads\/2023\/02\/Bloemenshop-2-go-960x720.jpg 960w,\t\t\t\t\t\thttps:\/\/bredefleur.nl\/wp-content\/uploads\/2023\/02\/Bloemenshop-2-go-1250x960.jpg 1280w,\t\t\t\t\t\thttps:\/\/bredefleur.nl\/wp-content\/uploads\/2023\/02\/Bloemenshop-2-go.jpg 1920w\t\t\t\t\t\"\n\t\t\t\t>\n\n\t\t\t                            <\/div>\n\n        <\/div>\n    <\/section>\n\n\t\n\n\n    <section class=\"quote\" >\n        <div class=\"wrapper\">\n            <div class=\"quote__container\">\n                <h2 class=\"quote__quote\">\n                    \"Sie hatten wirklich noch keine Zeit, ein Geschenk auszusuchen... Oder vielleicht haben Sie pl\u00f6tzlich Lust auf einen fr\u00f6hlichen Lilienstrau\u00df, der Ihre Wohnung versch\u00f6nert? \"\n                <\/h2>\n                            <\/div>\n        <\/div>\n    <\/section>\n\n\t\n\n\n    <section class=\"text-with-image text-with-image--left text-with-image--quaternary\" >\n        <div class=\"text-with-image__container\">\n\n            <div class=\"text-with-image__content-container wrapper\">\n                                    <h2 class=\"text-with-image__title mb-s\">\n                        Nie wieder mit leeren H\u00e4nden dastehen                    <\/h2>\n                \n                                    <div class=\"text-with-image__text\">\n                        <p>\u00c4u\u00dferst praktisch, oder? Sie werden nie wieder mit leeren H\u00e4nden zu einem festlichen Anlass kommen. Und auch die Auswahl ist riesig: vom makellosen wei\u00dfen Bach bis zum rosafarbenen Master mit seinem zartgr\u00fcnen Herz. In den Gesch\u00e4ften finden Sie alle Farben des Regenbogens und Lilien in verschiedenen Formen und Gr\u00f6\u00dfen.<\/p>\n                    <\/div>\n                \n                            <\/div>\n\n            <div class=\"text-with-image__image-container\">\n                                    \n\t\t\t\t<img\n\t\t\t\t\tclass=\"text-with-image__image js-image-filter\"\n\t\t\t\t\talt=\"IAP Bredefleur Mar 2023 -155 (1)\"\n\t\t\t\t\tsrc=\"https:\/\/bredefleur.nl\/wp-content\/uploads\/2023\/04\/IAP-Bredefleur-mrt-2023-155-1-scaled.jpg\"\n\t\t\t\t\tsrcset=\"\t\t\t\t\t\thttps:\/\/bredefleur.nl\/wp-content\/uploads\/2023\/04\/IAP-Bredefleur-mrt-2023-155-1-320x240.jpg 320w,\t\t\t\t\t\thttps:\/\/bredefleur.nl\/wp-content\/uploads\/2023\/04\/IAP-Bredefleur-mrt-2023-155-1-640x480.jpg 640w,\t\t\t\t\t\thttps:\/\/bredefleur.nl\/wp-content\/uploads\/2023\/04\/IAP-Bredefleur-mrt-2023-155-1-960x720.jpg 960w,\t\t\t\t\t\thttps:\/\/bredefleur.nl\/wp-content\/uploads\/2023\/04\/IAP-Bredefleur-mrt-2023-155-1-1280x960.jpg 1280w,\t\t\t\t\t\thttps:\/\/bredefleur.nl\/wp-content\/uploads\/2023\/04\/IAP-Bredefleur-mrt-2023-155-1-1920x1440.jpg 1920w\t\t\t\t\t\"\n\t\t\t\t>\n\n\t\t\t                            <\/div>\n\n        <\/div>\n    <\/section>\n\n\t\n\n\n    <section class=\"text-with-image text-with-image--right text-with-image--secondary\" >\n        <div class=\"text-with-image__container\">\n\n            <div class=\"text-with-image__content-container wrapper\">\n                                    <h2 class=\"text-with-image__title mb-s\">\n                        Sie fragen sich, wie die Selbstbedienung funktioniert?                    <\/h2>\n                \n                                    <div class=\"text-with-image__text\">\n                        <p>In Moerkapelle stehen die Lilien in Eimern mit Wasser und im Lilienladen in Luttelgeest w\u00e4hlen Sie frische Blumen aus einem Selbstbedienungsautomaten.<\/p>\n<p>Der Kauf ist sehr einfach. Folgen Sie diesen 3 Schritten:<\/p>\n<p>1. W\u00e4hlen Sie den Strau\u00df\/den Blumenstrau\u00df, der Ihnen am besten gef\u00e4llt<br \/>\n2. Bezahlen Sie die Blumen mit Ihrer Debitkarte<br \/>\n3. Viel Spa\u00df dabei!<\/p>\n                    <\/div>\n                \n                            <\/div>\n\n            <div class=\"text-with-image__image-container\">\n                                    \n\t\t\t\t<img\n\t\t\t\t\tclass=\"text-with-image__image js-image-filter\"\n\t\t\t\t\talt=\"IAP Bredefleur September 2022-1300\"\n\t\t\t\t\tsrc=\"https:\/\/bredefleur.nl\/wp-content\/uploads\/2023\/04\/IAP-Bredefleur-september-2022-1300-scaled.jpg\"\n\t\t\t\t\tsrcset=\"\t\t\t\t\t\thttps:\/\/bredefleur.nl\/wp-content\/uploads\/2023\/04\/IAP-Bredefleur-september-2022-1300-320x240.jpg 320w,\t\t\t\t\t\thttps:\/\/bredefleur.nl\/wp-content\/uploads\/2023\/04\/IAP-Bredefleur-september-2022-1300-640x480.jpg 640w,\t\t\t\t\t\thttps:\/\/bredefleur.nl\/wp-content\/uploads\/2023\/04\/IAP-Bredefleur-september-2022-1300-960x720.jpg 960w,\t\t\t\t\t\thttps:\/\/bredefleur.nl\/wp-content\/uploads\/2023\/04\/IAP-Bredefleur-september-2022-1300-1280x960.jpg 1280w,\t\t\t\t\t\thttps:\/\/bredefleur.nl\/wp-content\/uploads\/2023\/04\/IAP-Bredefleur-september-2022-1300-1920x1440.jpg 1920w\t\t\t\t\t\"\n\t\t\t\t>\n\n\t\t\t                            <\/div>\n\n        <\/div>\n    <\/section>","protected":false},"excerpt":{"rendered":"","protected":false},"author":1,"featured_media":0,"parent":0,"menu_order":7,"comment_status":"closed","ping_status":"closed","template":"","meta":{"_acf_changed":false,"footnotes":""},"class_list":["post-4484","page","type-page","status-publish","hentry"],"acf":[],"yoast_head":"<!-- This site is optimized with the Yoast SEO plugin v26.6 - https:\/\/yoast.com\/wordpress\/plugins\/seo\/ -->\n<title>Lelies vers van de kweker - Bredefleur<\/title>\n<meta name=\"robots\" content=\"index, follow, max-snippet:-1, max-image-preview:large, max-video-preview:-1\" \/>\n<link rel=\"canonical\" href=\"https:\/\/bredefleur.nl\/de\/lilien-frisch-vom-zuchter\/\" \/>\n<meta property=\"og:locale\" content=\"de_DE\" \/>\n<meta property=\"og:type\" content=\"article\" \/>\n<meta property=\"og:title\" content=\"Lelies vers van de kweker - Bredefleur\" \/>\n<meta property=\"og:url\" content=\"https:\/\/bredefleur.nl\/de\/lilien-frisch-vom-zuchter\/\" \/>\n<meta property=\"og:site_name\" content=\"Bredefleur\" \/>\n<meta property=\"article:modified_time\" content=\"2025-06-19T12:55:37+00:00\" \/>\n<meta name=\"twitter:card\" content=\"summary_large_image\" \/>\n<script type=\"application\/ld+json\" class=\"yoast-schema-graph\">{\"@context\":\"https:\/\/schema.org\",\"@graph\":[{\"@type\":\"WebPage\",\"@id\":\"https:\/\/bredefleur.nl\/lelies-vers-van-de-kweker\/\",\"url\":\"https:\/\/bredefleur.nl\/lelies-vers-van-de-kweker\/\",\"name\":\"Lelies vers van de kweker - Bredefleur\",\"isPartOf\":{\"@id\":\"https:\/\/bredefleur.nl\/#website\"},\"datePublished\":\"2022-07-18T06:33:40+00:00\",\"dateModified\":\"2025-06-19T12:55:37+00:00\",\"breadcrumb\":{\"@id\":\"https:\/\/bredefleur.nl\/lelies-vers-van-de-kweker\/#breadcrumb\"},\"inLanguage\":\"de\",\"potentialAction\":[{\"@type\":\"ReadAction\",\"target\":[\"https:\/\/bredefleur.nl\/lelies-vers-van-de-kweker\/\"]}]},{\"@type\":\"BreadcrumbList\",\"@id\":\"https:\/\/bredefleur.nl\/lelies-vers-van-de-kweker\/#breadcrumb\",\"itemListElement\":[{\"@type\":\"ListItem\",\"position\":1,\"name\":\"Home\",\"item\":\"https:\/\/bredefleur.nl\/\"},{\"@type\":\"ListItem\",\"position\":2,\"name\":\"Lelies vers van de kweker\"}]},{\"@type\":\"WebSite\",\"@id\":\"https:\/\/bredefleur.nl\/#website\",\"url\":\"https:\/\/bredefleur.nl\/\",\"name\":\"Bredefleur\",\"description\":\"Lilies by the original\",\"publisher\":{\"@id\":\"https:\/\/bredefleur.nl\/#organization\"},\"potentialAction\":[{\"@type\":\"SearchAction\",\"target\":{\"@type\":\"EntryPoint\",\"urlTemplate\":\"https:\/\/bredefleur.nl\/?s={search_term_string}\"},\"query-input\":{\"@type\":\"PropertyValueSpecification\",\"valueRequired\":true,\"valueName\":\"search_term_string\"}}],\"inLanguage\":\"de\"},{\"@type\":\"Organization\",\"@id\":\"https:\/\/bredefleur.nl\/#organization\",\"name\":\"Bredefleur\",\"url\":\"https:\/\/bredefleur.nl\/\",\"logo\":{\"@type\":\"ImageObject\",\"inLanguage\":\"de\",\"@id\":\"https:\/\/bredefleur.nl\/#\/schema\/logo\/image\/\",\"url\":\"https:\/\/bredefleur.nl\/wp-content\/uploads\/2022\/02\/BF-logo-goud-wit-JPG-scaled.jpg\",\"contentUrl\":\"https:\/\/bredefleur.nl\/wp-content\/uploads\/2022\/02\/BF-logo-goud-wit-JPG-scaled.jpg\",\"width\":2560,\"height\":988,\"caption\":\"Bredefleur\"},\"image\":{\"@id\":\"https:\/\/bredefleur.nl\/#\/schema\/logo\/image\/\"}}]}<\/script>\n<!-- \/ Yoast SEO plugin. -->","yoast_head_json":{"title":"Lilien frisch vom Z\u00fcchter - Bredefleur","robots":{"index":"index","follow":"follow","max-snippet":"max-snippet:-1","max-image-preview":"max-image-preview:large","max-video-preview":"max-video-preview:-1"},"canonical":"https:\/\/bredefleur.nl\/de\/lilien-frisch-vom-zuchter\/","og_locale":"de_DE","og_type":"article","og_title":"Lelies vers van de kweker - Bredefleur","og_url":"https:\/\/bredefleur.nl\/de\/lilien-frisch-vom-zuchter\/","og_site_name":"Bredefleur","article_modified_time":"2025-06-19T12:55:37+00:00","twitter_card":"summary_large_image","schema":{"@context":"https:\/\/schema.org","@graph":[{"@type":"WebPage","@id":"https:\/\/bredefleur.nl\/lelies-vers-van-de-kweker\/","url":"https:\/\/bredefleur.nl\/lelies-vers-van-de-kweker\/","name":"Lilien frisch vom Z\u00fcchter - Bredefleur","isPartOf":{"@id":"https:\/\/bredefleur.nl\/#website"},"datePublished":"2022-07-18T06:33:40+00:00","dateModified":"2025-06-19T12:55:37+00:00","breadcrumb":{"@id":"https:\/\/bredefleur.nl\/lelies-vers-van-de-kweker\/#breadcrumb"},"inLanguage":"de","potentialAction":[{"@type":"ReadAction","target":["https:\/\/bredefleur.nl\/lelies-vers-van-de-kweker\/"]}]},{"@type":"BreadcrumbList","@id":"https:\/\/bredefleur.nl\/lelies-vers-van-de-kweker\/#breadcrumb","itemListElement":[{"@type":"ListItem","position":1,"name":"Home","item":"https:\/\/bredefleur.nl\/"},{"@type":"ListItem","position":2,"name":"Lelies vers van de kweker"}]},{"@type":"WebSite","@id":"https:\/\/bredefleur.nl\/#website","url":"https:\/\/bredefleur.nl\/","name":"Bredefleur","description":"Lilien nach dem Original","publisher":{"@id":"https:\/\/bredefleur.nl\/#organization"},"potentialAction":[{"@type":"SearchAction","target":{"@type":"EntryPoint","urlTemplate":"https:\/\/bredefleur.nl\/?s={search_term_string}"},"query-input":{"@type":"PropertyValueSpecification","valueRequired":true,"valueName":"search_term_string"}}],"inLanguage":"de"},{"@type":"Organization","@id":"https:\/\/bredefleur.nl\/#organization","name":"Bredefleur","url":"https:\/\/bredefleur.nl\/","logo":{"@type":"ImageObject","inLanguage":"de","@id":"https:\/\/bredefleur.nl\/#\/schema\/logo\/image\/","url":"https:\/\/bredefleur.nl\/wp-content\/uploads\/2022\/02\/BF-logo-goud-wit-JPG-scaled.jpg","contentUrl":"https:\/\/bredefleur.nl\/wp-content\/uploads\/2022\/02\/BF-logo-goud-wit-JPG-scaled.jpg","width":2560,"height":988,"caption":"Bredefleur"},"image":{"@id":"https:\/\/bredefleur.nl\/#\/schema\/logo\/image\/"}}]}},"_links":{"self":[{"href":"https:\/\/bredefleur.nl\/de\/wp-json\/wp\/v2\/pages\/4484","targetHints":{"allow":["GET"]}}],"collection":[{"href":"https:\/\/bredefleur.nl\/de\/wp-json\/wp\/v2\/pages"}],"about":[{"href":"https:\/\/bredefleur.nl\/de\/wp-json\/wp\/v2\/types\/page"}],"author":[{"embeddable":true,"href":"https:\/\/bredefleur.nl\/de\/wp-json\/wp\/v2\/users\/1"}],"replies":[{"embeddable":true,"href":"https:\/\/bredefleur.nl\/de\/wp-json\/wp\/v2\/comments?post=4484"}],"version-history":[{"count":107,"href":"https:\/\/bredefleur.nl\/de\/wp-json\/wp\/v2\/pages\/4484\/revisions"}],"predecessor-version":[{"id":10056,"href":"https:\/\/bredefleur.nl\/de\/wp-json\/wp\/v2\/pages\/4484\/revisions\/10056"}],"wp:attachment":[{"href":"https:\/\/bredefleur.nl\/de\/wp-json\/wp\/v2\/media?parent=4484"}],"curies":[{"name":"wp","href":"https:\/\/api.w.org\/{rel}","templated":true}]}}